{"id":118,"date":"2017-10-04T19:57:08","date_gmt":"2017-10-04T17:57:08","guid":{"rendered":"http:\/\/karateopen.fi\/?page_id=118"},"modified":"2017-10-04T19:59:39","modified_gmt":"2017-10-04T17:59:39","slug":"karaten-suomi-cup-2017","status":"publish","type":"page","link":"https:\/\/karateopen.fi\/?page_id=118","title":{"rendered":"Karaten Suomi Cup 2017"},"content":{"rendered":"<p>Vuoden 2017 alusta k\u00e4ynnistyy \u00a0kotimainen kilpailusarja Suomi Cup.<br \/>\nT\u00e4rkein tavoite on luoda kilpailusarja, jolla el\u00e4v\u00f6itet\u00e4\u00e4n kansallista kilpailutoimintaa ja saadaan<br \/>\nparhaat juniorit kilpailemaan aikuisten kanssa s\u00e4\u00e4nn\u00f6llisesti samoissa kisoissa.<\/p>\n<p>S\u00e4\u00e4nn\u00f6t p\u00e4hkin\u00e4nkuoressa:<br \/>\nJokainen Suomi Cupiin osallistuva kilpailija ker\u00e4\u00e4 henkil\u00f6kohtaisia pisteit\u00e4 kalenterivuoden aikana j\u00e4rjestett\u00e4vist\u00e4 osakilpailuista.<br \/>\nLis\u00e4ksi seurat ker\u00e4\u00e4v\u00e4t pisteit\u00e4 kilpailijoiden menestyksen mukaan.<\/p>\n<p>Suomi-Cup k\u00e4yd\u00e4\u00e4n seuraavissa ik\u00e4luokissa:<br \/>\nAikuiset, U18, U16, U14<\/p>\n<p>&nbsp;<\/p>\n","protected":false},"excerpt":{"rendered":"<p>Vuoden 2017 alusta k\u00e4ynnistyy \u00a0kotimainen kilpailusarja Suomi Cup. T\u00e4rkein tavoite on luoda kilpailusarja, jolla el\u00e4v\u00f6itet\u00e4\u00e4n kansallista kilpailutoimintaa ja saadaan parhaat juniorit kilpailemaan aikuisten kanssa s\u00e4\u00e4nn\u00f6llisesti samoissa kisoissa. S\u00e4\u00e4nn\u00f6t p\u00e4hkin\u00e4nkuoressa: Jokainen Suomi Cupiin osallistuva kilpailija ker\u00e4\u00e4 henkil\u00f6kohtaisia pisteit\u00e4 kalenterivuoden aikana j\u00e4rjestett\u00e4vist\u00e4 osakilpailuista. Lis\u00e4ksi seurat ker\u00e4\u00e4v\u00e4t pisteit\u00e4 kilpailijoiden menestyksen mukaan. Suomi-Cup k\u00e4yd\u00e4\u00e4n seuraavissa ik\u00e4luokissa: Aikuiset, U18, U16, [&hellip;]<\/p>\n","protected":false},"author":3,"featured_media":0,"parent":0,"menu_order":0,"comment_status":"closed","ping_status":"closed","template":"","meta":{"footnotes":""},"class_list":["post-118","page","type-page","status-publish","hentry"],"_links":{"self":[{"href":"https:\/\/karateopen.fi\/index.php?rest_route=\/wp\/v2\/pages\/118","targetHints":{"allow":["GET"]}}],"collection":[{"href":"https:\/\/karateopen.fi\/index.php?rest_route=\/wp\/v2\/pages"}],"about":[{"href":"https:\/\/karateopen.fi\/index.php?rest_route=\/wp\/v2\/types\/page"}],"author":[{"embeddable":true,"href":"https:\/\/karateopen.fi\/index.php?rest_route=\/wp\/v2\/users\/3"}],"replies":[{"embeddable":true,"href":"https:\/\/karateopen.fi\/index.php?rest_route=%2Fwp%2Fv2%2Fcomments&post=118"}],"version-history":[{"count":3,"href":"https:\/\/karateopen.fi\/index.php?rest_route=\/wp\/v2\/pages\/118\/revisions"}],"predecessor-version":[{"id":122,"href":"https:\/\/karateopen.fi\/index.php?rest_route=\/wp\/v2\/pages\/118\/revisions\/122"}],"wp:attachment":[{"href":"https:\/\/karateopen.fi\/index.php?rest_route=%2Fwp%2Fv2%2Fmedia&parent=118"}],"curies":[{"name":"wp","href":"https:\/\/api.w.org\/{rel}","templated":true}]}}