{"id":234,"date":"2017-10-20T12:38:08","date_gmt":"2017-10-20T10:38:08","guid":{"rendered":"http:\/\/karateopen.fi\/?page_id=234"},"modified":"2017-10-20T12:38:08","modified_gmt":"2017-10-20T10:38:08","slug":"ruokapaikat-parkkipaikat-budotarvikekampanja","status":"publish","type":"page","link":"https:\/\/karateopen.fi\/?page_id=234","title":{"rendered":"Ruokapaikat, parkkipaikat, budotarvikekampanja"},"content":{"rendered":"<h2>T\u00e4ss\u00e4 yleistietoa seuraaviin asioihin.<\/h2>\n<p><strong>PARKKIPAIKAT<\/strong><\/p>\n<p>Kirkkonummen keskustassa ei ole maksullisia parkkipaikkoja. V\u00e4est\u00f6nsuojaa l\u00e4hinn\u00e4 olevat isot parkkialueet eiv\u00e4t ole ns.kiekkopaikkoja. Kylteiss\u00e4 on kyll\u00e4 tuntim\u00e4\u00e4r\u00e4raja merkattu. Mutta toistaiseksi sit\u00e4 ei mitata esim. kiekolla.<\/p>\n<p><strong>RUOKAPAIKAT<\/strong><\/p>\n<p>Kisaruokailuun suosittelemme kahta ruokapaikkaa.<\/p>\n<ul>\n<li>Italialaista <strong>Ristorante Pizzeria Denniksest\u00e4<\/strong> l\u00f6yd\u00e4t Italialaiseen pasta, salaatti, pizza -ruokakulttuuriin rakastuneille erinomaisia vaihtoehtoja:\n<ul>\n<li style=\"text-align: left;\"><strong>Asemankaari 1, 02400 Kirkkonummi<\/strong><br \/>\n<strong>Avoinna La 11.00\u201321.00<\/strong><br \/>\n<strong>Puh.: 020 7280000<\/strong><br \/>\n<strong>Varaukset: dennis.fi.<\/strong><\/li>\n<li><strong>K\u00e4velymatka: 5-8min pommarin edest\u00e4.<\/strong><\/li>\n<li><a href=\"https:\/\/www.dennis.fi\/ravintolat\/kirkkonummi-asemakaari-1\/\"><em><strong>https:\/\/www.dennis.fi\/ravintolat\/kirkkonummi-asemakaari-1\/<\/strong><\/em><\/a><\/li>\n<\/ul>\n<\/li>\n<\/ul>\n<p>&nbsp;<\/p>\n<ul>\n<li>Toinen, perinteinen laadukas perinteinen pizzeria Pizza Service. Siell\u00e4 tarjonnassa pihvit, salaatit, pizzat,kebabit.\n<ul>\n<li><strong>Kirkkotallintie 4 A 3, 02400 Kirkkonummi<\/strong><br \/>\n<strong>Puh.: 09-2218586<\/strong><br \/>\n<strong>S\u00e4hk\u00f6posti: info@pizzaservicekirkkonummi.fi<\/strong><\/li>\n<li><strong>K\u00e4velymatka: 2-4min pommarin edest\u00e4.<\/strong><\/li>\n<li><a href=\"https:\/\/pizzaservicekirkkonummi.fi\/\"><em><strong>https:\/\/pizzaservicekirkkonummi.fi\/<\/strong><\/em><\/a>\n<p>Molemmat ovat l\u00e4hell\u00e4. Ja tarvittaessa, Denniksesen edest\u00e4 l\u00f6yd\u00e4t parkkipaikkaa liikkeen edest\u00e4 (huom. siell\u00e4 liiketila parkkikiekkovalvonta).<\/li>\n<\/ul>\n<\/li>\n<\/ul>\n<p><strong>BUDOVARUSTEMYYNTI<\/strong><\/p>\n<ul>\n<li>Paikalle tulee varustemyyji\u00e4. Yksi yhteisty\u00f6kumppanimme on:\n<ul>\n<li><strong>Petlastech Ltd Oy<\/strong><br \/>\nHiihtom\u00e4entie 38 L 6, 00800 Helsinki<br \/>\nPuh <strong>09-698 9087 \/ 044 504 5114<\/strong><br \/>\nS\u00e4hk\u00f6postiosoite <strong>info@budoliike.fi<\/strong><\/li>\n<li>Budoliikkeest\u00e4 voit halutessasi tilata valmiiksi varusteita, pukuja jne kisapaikanp\u00e4\u00e4lle.<\/li>\n<li><a href=\"http:\/\/www.budoliike.fi\"><em><strong>www.budoliike.fi<\/strong><\/em><\/a> sivuston nettikaupassa on toimitustapavaihtoehto: <em><strong>Kirkkonummi Open 2017<\/strong><\/em>. Valitessasi tuon, saat tilauksesi paikanp\u00e4\u00e4lle kisapaikalle.<\/li>\n<\/ul>\n<\/li>\n<\/ul>\n<p><strong>PARKKIPAIKKA ALUEET<\/strong><\/p>\n<p><img loading=\"lazy\" decoding=\"async\" class=\"alignnone size-full wp-image-236\" src=\"http:\/\/karateopen.fi\/wp-content\/uploads\/2017\/10\/Parkkipaikat-ja-kisapaikka_iso.jpg\" alt=\"\" width=\"2000\" height=\"1176\" srcset=\"https:\/\/karateopen.fi\/wp-content\/uploads\/2017\/10\/Parkkipaikat-ja-kisapaikka_iso.jpg 2000w, https:\/\/karateopen.fi\/wp-content\/uploads\/2017\/10\/Parkkipaikat-ja-kisapaikka_iso-300x176.jpg 300w, https:\/\/karateopen.fi\/wp-content\/uploads\/2017\/10\/Parkkipaikat-ja-kisapaikka_iso-768x452.jpg 768w, https:\/\/karateopen.fi\/wp-content\/uploads\/2017\/10\/Parkkipaikat-ja-kisapaikka_iso-1024x602.jpg 1024w\" sizes=\"auto, (max-width: 2000px) 100vw, 2000px\" \/><\/p>\n<p><strong>RUOKAPAIKKAKUVA<\/strong><\/p>\n<p><img loading=\"lazy\" decoding=\"async\" class=\"alignnone size-full wp-image-237\" src=\"http:\/\/karateopen.fi\/wp-content\/uploads\/2017\/10\/Ruokapaikat_ISO.jpg\" alt=\"\" width=\"2500\" height=\"2478\" srcset=\"https:\/\/karateopen.fi\/wp-content\/uploads\/2017\/10\/Ruokapaikat_ISO.jpg 2500w, https:\/\/karateopen.fi\/wp-content\/uploads\/2017\/10\/Ruokapaikat_ISO-150x150.jpg 150w, https:\/\/karateopen.fi\/wp-content\/uploads\/2017\/10\/Ruokapaikat_ISO-300x297.jpg 300w, https:\/\/karateopen.fi\/wp-content\/uploads\/2017\/10\/Ruokapaikat_ISO-768x761.jpg 768w, https:\/\/karateopen.fi\/wp-content\/uploads\/2017\/10\/Ruokapaikat_ISO-1024x1015.jpg 1024w\" sizes=\"auto, (max-width: 2500px) 100vw, 2500px\" \/><\/p>\n<p>&nbsp;<\/p>\n<p>&nbsp;<\/p>\n","protected":false},"excerpt":{"rendered":"<p>T\u00e4ss\u00e4 yleistietoa seuraaviin asioihin. PARKKIPAIKAT Kirkkonummen keskustassa ei ole maksullisia parkkipaikkoja. V\u00e4est\u00f6nsuojaa l\u00e4hinn\u00e4 olevat isot parkkialueet eiv\u00e4t ole ns.kiekkopaikkoja. Kylteiss\u00e4 on kyll\u00e4 tuntim\u00e4\u00e4r\u00e4raja merkattu. Mutta toistaiseksi sit\u00e4 ei mitata esim. kiekolla. RUOKAPAIKAT Kisaruokailuun suosittelemme kahta ruokapaikkaa. Italialaista Ristorante Pizzeria Denniksest\u00e4 l\u00f6yd\u00e4t Italialaiseen pasta, salaatti, pizza -ruokakulttuuriin rakastuneille erinomaisia vaihtoehtoja: Asemankaari 1, 02400 Kirkkonummi Avoinna La [&hellip;]<\/p>\n","protected":false},"author":2,"featured_media":0,"parent":0,"menu_order":0,"comment_status":"closed","ping_status":"closed","template":"","meta":{"footnotes":""},"class_list":["post-234","page","type-page","status-publish","hentry"],"_links":{"self":[{"href":"https:\/\/karateopen.fi\/index.php?rest_route=\/wp\/v2\/pages\/234","targetHints":{"allow":["GET"]}}],"collection":[{"href":"https:\/\/karateopen.fi\/index.php?rest_route=\/wp\/v2\/pages"}],"about":[{"href":"https:\/\/karateopen.fi\/index.php?rest_route=\/wp\/v2\/types\/page"}],"author":[{"embeddable":true,"href":"https:\/\/karateopen.fi\/index.php?rest_route=\/wp\/v2\/users\/2"}],"replies":[{"embeddable":true,"href":"https:\/\/karateopen.fi\/index.php?rest_route=%2Fwp%2Fv2%2Fcomments&post=234"}],"version-history":[{"count":1,"href":"https:\/\/karateopen.fi\/index.php?rest_route=\/wp\/v2\/pages\/234\/revisions"}],"predecessor-version":[{"id":239,"href":"https:\/\/karateopen.fi\/index.php?rest_route=\/wp\/v2\/pages\/234\/revisions\/239"}],"wp:attachment":[{"href":"https:\/\/karateopen.fi\/index.php?rest_route=%2Fwp%2Fv2%2Fmedia&parent=234"}],"curies":[{"name":"wp","href":"https:\/\/api.w.org\/{rel}","templated":true}]}}