{"id":31,"date":"2017-09-11T09:52:11","date_gmt":"2017-09-11T07:52:11","guid":{"rendered":"http:\/\/karateopen.fi\/?page_id=31"},"modified":"2018-11-09T08:48:54","modified_gmt":"2018-11-09T06:48:54","slug":"karate-open-kirkkonummi","status":"publish","type":"page","link":"https:\/\/karateopen.fi\/","title":{"rendered":"Kirkkonummi Karate Open"},"content":{"rendered":"<p>Tervetuloa Karateopen-sivustollemme!<\/p>\n<p>Kirkkonummella pidettiin 21.10.2017 karaten mestaruuskilpailut joihin osallistui karatekoita eri puolelta Suomea eri ik\u00e4ryhmist\u00e4, sek\u00e4 kumite- ett\u00e4 katasarjoihin. Kirkkonummi Karate Open oli yksi vuoden 2017 Suomi Cup &#8211; osakilpailuista.<\/p>\n<p><strong>&#8212;&#8212;&#8212;&#8212;&#8212;&#8212;&#8212;&#8212;&#8212;&#8212;&#8212;&#8212;&#8212;&#8212;&#8212;&#8212;&#8212;&#8212;&#8212;&#8212;&#8212;&#8212;&#8212;&#8212;&#8212;&#8212;&#8212;&#8212;&#8212;&#8212;&#8212;&#8212;&#8212;&#8212;&#8212;&#8212;&#8212;&#8212;&#8212;-<\/strong><\/p>\n<h4><strong>KILPAILUN TULOKSET<\/strong><\/h4>\n<h4><strong>T\u00e4ss\u00e4 linkki 2017 syksyn tuloksiin:<\/strong> <a href=\"http:\/\/karateopen.fi\/wp-content\/uploads\/2017\/09\/Kilpailutulokset.pdf\" target=\"_blank\" rel=\"noopener\">Kilpailutulokset<\/a><\/h4>\n<p><strong>&#8212;&#8212;&#8212;&#8212;&#8212;&#8212;&#8212;&#8212;&#8212;&#8212;&#8212;&#8212;&#8212;&#8212;&#8212;&#8212;&#8212;&#8212;&#8212;&#8212;&#8212;&#8212;&#8212;&#8212;&#8212;&#8212;&#8212;&#8212;&#8212;&#8212;&#8212;&#8212;&#8212;&#8212;&#8212;&#8212;&#8212;&#8212;&#8212;-<\/strong><\/p>\n<p>Kisat pidettiin lauantaina 21.10.2017.<\/p>\n<p>Tapahtuma ker\u00e4si j\u00e4lleen varsin suuren osallistujam\u00e4\u00e4r\u00e4n, ja kisapaikalla oli aikamoinen hy\u00f6rin\u00e4 niin kisapaikan buffetin alueella kuin katsomossakin.<\/p>\n<p>Paikalla oli my\u00f6s budovarustetoimittajia.<\/p>\n<p>Kiitos kaikille kilpailija porukoille kuin katsojille.<\/p>\n<p>Niin ik\u00e4\u00e4n suuret kiitokset tapahtuman mahdollistavat vapaaehtoistoimijat! Ilman teit\u00e4 emme saisi n\u00e4it\u00e4 j\u00e4rjestetty\u00e4.<\/p>\n<p>Terveisin<\/p>\n<p>Kilpailun johtaja<\/p>\n<p>Oiva Tyni<br \/>\nKibudo ry.<\/p>\n","protected":false},"excerpt":{"rendered":"<p>Tervetuloa Karateopen-sivustollemme! Kirkkonummella pidettiin 21.10.2017 karaten mestaruuskilpailut joihin osallistui karatekoita eri puolelta Suomea eri ik\u00e4ryhmist\u00e4, sek\u00e4 kumite- ett\u00e4 katasarjoihin. Kirkkonummi Karate Open oli yksi vuoden 2017 Suomi Cup &#8211; osakilpailuista. &#8212;&#8212;&#8212;&#8212;&#8212;&#8212;&#8212;&#8212;&#8212;&#8212;&#8212;&#8212;&#8212;&#8212;&#8212;&#8212;&#8212;&#8212;&#8212;&#8212;&#8212;&#8212;&#8212;&#8212;&#8212;&#8212;&#8212;&#8212;&#8212;&#8212;&#8212;&#8212;&#8212;&#8212;&#8212;&#8212;&#8212;&#8212;&#8212;- KILPAILUN TULOKSET T\u00e4ss\u00e4 linkki 2017 syksyn tuloksiin: Kilpailutulokset &#8212;&#8212;&#8212;&#8212;&#8212;&#8212;&#8212;&#8212;&#8212;&#8212;&#8212;&#8212;&#8212;&#8212;&#8212;&#8212;&#8212;&#8212;&#8212;&#8212;&#8212;&#8212;&#8212;&#8212;&#8212;&#8212;&#8212;&#8212;&#8212;&#8212;&#8212;&#8212;&#8212;&#8212;&#8212;&#8212;&#8212;&#8212;&#8212;- Kisat pidettiin lauantaina 21.10.2017. Tapahtuma ker\u00e4si j\u00e4lleen varsin suuren osallistujam\u00e4\u00e4r\u00e4n, ja kisapaikalla oli aikamoinen hy\u00f6rin\u00e4 [&hellip;]<\/p>\n","protected":false},"author":2,"featured_media":0,"parent":0,"menu_order":1,"comment_status":"closed","ping_status":"closed","template":"","meta":{"footnotes":""},"class_list":["post-31","page","type-page","status-publish","hentry"],"_links":{"self":[{"href":"https:\/\/karateopen.fi\/index.php?rest_route=\/wp\/v2\/pages\/31","targetHints":{"allow":["GET"]}}],"collection":[{"href":"https:\/\/karateopen.fi\/index.php?rest_route=\/wp\/v2\/pages"}],"about":[{"href":"https:\/\/karateopen.fi\/index.php?rest_route=\/wp\/v2\/types\/page"}],"author":[{"embeddable":true,"href":"https:\/\/karateopen.fi\/index.php?rest_route=\/wp\/v2\/users\/2"}],"replies":[{"embeddable":true,"href":"https:\/\/karateopen.fi\/index.php?rest_route=%2Fwp%2Fv2%2Fcomments&post=31"}],"version-history":[{"count":19,"href":"https:\/\/karateopen.fi\/index.php?rest_route=\/wp\/v2\/pages\/31\/revisions"}],"predecessor-version":[{"id":378,"href":"https:\/\/karateopen.fi\/index.php?rest_route=\/wp\/v2\/pages\/31\/revisions\/378"}],"wp:attachment":[{"href":"https:\/\/karateopen.fi\/index.php?rest_route=%2Fwp%2Fv2%2Fmedia&parent=31"}],"curies":[{"name":"wp","href":"https:\/\/api.w.org\/{rel}","templated":true}]}}