{"id":94,"date":"2017-10-04T16:23:28","date_gmt":"2017-10-04T14:23:28","guid":{"rendered":"http:\/\/karateopen.fi\/?page_id=94"},"modified":"2017-10-20T14:37:41","modified_gmt":"2017-10-20T12:37:41","slug":"tietoa-kilpailijoille-ja-yleisolle","status":"publish","type":"page","link":"https:\/\/karateopen.fi\/?page_id=94","title":{"rendered":"Buffet"},"content":{"rendered":"<p>Kisapaikalla on buffet josta voi ostaa pient\u00e4 suolaista ja makeata purtavaa, hedelmi\u00e4, kahvia, teet\u00e4 sek\u00e4 muita virvokkeita.<\/p>\n<p>Maksuv\u00e4linein\u00e4 k\u00e4yv\u00e4t k\u00e4teinen sek\u00e4 kortti.<\/p>\n<p>&nbsp;<\/p>\n<p>&nbsp;<\/p>\n","protected":false},"excerpt":{"rendered":"<p>Kisapaikalla on buffet josta voi ostaa pient\u00e4 suolaista ja makeata purtavaa, hedelmi\u00e4, kahvia, teet\u00e4 sek\u00e4 muita virvokkeita. Maksuv\u00e4linein\u00e4 k\u00e4yv\u00e4t k\u00e4teinen sek\u00e4 kortti. &nbsp; &nbsp;<\/p>\n","protected":false},"author":3,"featured_media":0,"parent":0,"menu_order":2,"comment_status":"closed","ping_status":"closed","template":"","meta":{"footnotes":""},"class_list":["post-94","page","type-page","status-publish","hentry"],"_links":{"self":[{"href":"https:\/\/karateopen.fi\/index.php?rest_route=\/wp\/v2\/pages\/94","targetHints":{"allow":["GET"]}}],"collection":[{"href":"https:\/\/karateopen.fi\/index.php?rest_route=\/wp\/v2\/pages"}],"about":[{"href":"https:\/\/karateopen.fi\/index.php?rest_route=\/wp\/v2\/types\/page"}],"author":[{"embeddable":true,"href":"https:\/\/karateopen.fi\/index.php?rest_route=\/wp\/v2\/users\/3"}],"replies":[{"embeddable":true,"href":"https:\/\/karateopen.fi\/index.php?rest_route=%2Fwp%2Fv2%2Fcomments&post=94"}],"version-history":[{"count":6,"href":"https:\/\/karateopen.fi\/index.php?rest_route=\/wp\/v2\/pages\/94\/revisions"}],"predecessor-version":[{"id":240,"href":"https:\/\/karateopen.fi\/index.php?rest_route=\/wp\/v2\/pages\/94\/revisions\/240"}],"wp:attachment":[{"href":"https:\/\/karateopen.fi\/index.php?rest_route=%2Fwp%2Fv2%2Fmedia&parent=94"}],"curies":[{"name":"wp","href":"https:\/\/api.w.org\/{rel}","templated":true}]}}